{"id":54,"date":"2014-06-30T10:13:41","date_gmt":"2014-06-30T10:13:41","guid":{"rendered":"http:\/\/kayapati.com\/demos\/milan\/?page_id=54"},"modified":"2017-12-11T13:32:26","modified_gmt":"2017-12-11T12:32:26","slug":"about-us","status":"publish","type":"page","link":"https:\/\/www.kadernictvi-blondies.cz\/index.php\/about-us\/","title":{"rendered":"Na\u0161e slu\u017eby"},"content":{"rendered":"<div id=\"pl-54\"  class=\"panel-layout\" ><div id=\"pg-54-0\"  class=\"panel-grid panel-no-style\" ><div id=\"pgc-54-0-0\"  class=\"panel-grid-cell\" ><div id=\"panel-54-0-0-0\" class=\"so-panel widget widget_media_image panel-first-child panel-last-child\" data-index=\"0\" ><img loading=\"lazy\" decoding=\"async\" width=\"1024\" height=\"1024\" src=\"https:\/\/www.kadernictvi-blondies.cz\/wp-content\/uploads\/2014\/06\/DSC_9366-1024x1024.jpg\" class=\"image wp-image-2611  attachment-large size-large\" alt=\"\" style=\"max-width: 100%; height: auto;\" srcset=\"https:\/\/www.kadernictvi-blondies.cz\/wp-content\/uploads\/2014\/06\/DSC_9366-1024x1024.jpg 1024w, https:\/\/www.kadernictvi-blondies.cz\/wp-content\/uploads\/2014\/06\/DSC_9366-150x150.jpg 150w, https:\/\/www.kadernictvi-blondies.cz\/wp-content\/uploads\/2014\/06\/DSC_9366-300x300.jpg 300w, https:\/\/www.kadernictvi-blondies.cz\/wp-content\/uploads\/2014\/06\/DSC_9366-650x650.jpg 650w\" sizes=\"(max-width: 1024px) 100vw, 1024px\" \/><\/div><\/div><div id=\"pgc-54-0-1\"  class=\"panel-grid-cell panel-grid-cell-empty\" ><\/div><div id=\"pgc-54-0-2\"  class=\"panel-grid-cell\" ><div id=\"panel-54-0-2-0\" class=\"so-panel widget widget_text panel-first-child panel-last-child\" data-index=\"1\" ><div class=\"panel-widget-style panel-widget-style-for-54-0-2-0\" >\t\t\t<div class=\"textwidget\"><p><span style=\"font-size: 13.0pt; font-weight: bold; font-family: Courgette; color: #000000;\">R\u00e1dy bychom V\u00e1s p\u0159iv\u00edtaly na str\u00e1nk\u00e1ch na\u0161eho mal\u00e9ho a \u00fatuln\u00e9ho kade\u0159nick\u00e9ho sal\u00f3nu Blondies. V p\u0159\u00edjemn\u00e9m a klidn\u00e9m prost\u0159ed\u00ed V\u00e1m nab\u00edz\u00edme klasick\u00e9 slu\u017eby jako st\u0159\u00edh\u00e1n\u00ed, barven\u00ed, mel\u00edrov\u00e1n\u00ed \u010di foukanou pro kr\u00e1tk\u00e9, polodlouh\u00e9 i dlouh\u00e9 vlasy, mas\u00e1\u017ee hlavy v\u010detn\u011b vlasov\u00e9ho poradenstvi pro d\u00e1my i p\u00e1ny a ost\u0159\u00edh\u00e1me i Va\u0161e d\u00edtka. \u00a0R\u00e1dy V\u00e1m pom\u016f\u017eeme s v\u00fdb\u011brem \u00fa\u010desu na spole\u010densk\u00e9 akce, plesy nebo svatby. Nav\u0161tivte n\u00e1s s celou rodinou a my V\u00e1m podle Va\u0161ich pot\u0159eb porad\u00edme s v\u00fdb\u011brem vhodn\u00e9ho \u00fa\u010desu, st\u0159ihu \u010di barvy pro v\u0161echny. <\/span><\/p>\n<p><span style=\"color: #000000; font-family: Courgette; font-weight: bold; font-size: 13pt;\">Dobr\u00e1 k\u00e1va, dobr\u00e1 n\u00e1lada a wifi p\u0159ipojen\u00ed k internetu\u00a0<span style=\"color: #000000; font-family: Courgette;\">je u n\u00e1s zdarma&#8230;\u00a0<\/span><\/span><br \/>\n<span style=\"color: #000000; font-family: Courgette; font-weight: bold; font-size: 13pt;\"><span style=\"color: #000000; font-family: Courgette; font-size: 13pt;\">T\u011b\u0161\u00edme se na V\u00e1s\u00a0<\/span><\/span><\/p>\n<p><span style=\"font-size: 13.0pt; font-weight: bold; font-family: Courgette; color: #000000;\">Jitka a Hanka<\/span><br \/>\n&nbsp;<\/p>\n<p style=\"text-align: justify;\"><span style=\"font-size: 20.0pt; font-weight: bold; font-family: Courgette; color: #000000;\">Na\u0161e nab\u00eddka<\/span><\/p>\n<\/div>\n\t\t<\/div><\/div><\/div><\/div><div id=\"pg-54-1\"  class=\"panel-grid panel-no-style\" ><div id=\"pgc-54-1-0\"  class=\"panel-grid-cell\" ><div id=\"panel-54-1-0-0\" class=\"so-panel widget widget_text panel-first-child\" data-index=\"2\" ><div class=\"panel-widget-style panel-widget-style-for-54-1-0-0\" >\t\t\t<div class=\"textwidget\"><p style=\"text-align: justify;\"><span style=\"font-size: 16.0pt; font-weight: bold; font-family: Courgette; color: #000000;\">pro d\u00e1my<\/span><\/p>\n<ul>\n<li><span style=\"font-size: 13.0pt; font-weight: bold; font-family: Courgette; color: #000000;\">myt\u00ed a st\u0159\u00edh\u00e1n\u00ed\u00a0<\/span><\/li>\n<li><span style=\"font-size: 13.0pt; font-weight: bold; font-family: Courgette; color: #000000;\">barven\u00ed<\/span><\/li>\n<li><span style=\"font-size: 13.0pt; font-weight: bold; font-family: Courgette; color: #000000;\">svatebn\u00ed a spole\u010densk\u00e9 \u00fa\u010desy<\/span><\/li>\n<li><span style=\"font-size: 13.0pt; font-weight: bold; font-family: Courgette; color: #000000;\">mas\u00e1\u017ee hlavy<\/span><\/li>\n<li><span style=\"font-size: 13.0pt; font-weight: bold; font-family: Courgette; color: #000000;\">vlasov\u00e9 poradenstv\u00ed<\/span><\/li>\n<\/ul>\n<\/div>\n\t\t<\/div><\/div><div id=\"panel-54-1-0-1\" class=\"so-panel widget widget_media_image panel-last-child\" data-index=\"3\" ><img loading=\"lazy\" decoding=\"async\" width=\"150\" height=\"150\" src=\"https:\/\/www.kadernictvi-blondies.cz\/wp-content\/uploads\/2014\/06\/Depositphotos_12764857_original-150x150.jpg\" class=\"image wp-image-2136  attachment-thumbnail size-thumbnail\" alt=\"\" style=\"max-width: 100%; height: auto;\" srcset=\"https:\/\/www.kadernictvi-blondies.cz\/wp-content\/uploads\/2014\/06\/Depositphotos_12764857_original-150x150.jpg 150w, https:\/\/www.kadernictvi-blondies.cz\/wp-content\/uploads\/2014\/06\/Depositphotos_12764857_original-300x300.jpg 300w, https:\/\/www.kadernictvi-blondies.cz\/wp-content\/uploads\/2014\/06\/Depositphotos_12764857_original-1024x1024.jpg 1024w, https:\/\/www.kadernictvi-blondies.cz\/wp-content\/uploads\/2014\/06\/Depositphotos_12764857_original-650x650.jpg 650w\" sizes=\"(max-width: 150px) 100vw, 150px\" \/><\/div><\/div><div id=\"pgc-54-1-1\"  class=\"panel-grid-cell\" ><div id=\"panel-54-1-1-0\" class=\"so-panel widget widget_text panel-first-child\" data-index=\"4\" ><div class=\"panel-widget-style panel-widget-style-for-54-1-1-0\" >\t\t\t<div class=\"textwidget\"><p><strong><span style=\"font-size: 16pt; font-family: Courgette; color: #000000;\">pro p\u00e1ny<\/span><\/strong><\/p>\n<ul>\n<li><span style=\"font-size: 13pt;\"><strong><span style=\"font-family: Courgette; color: #000000;\">myt\u00ed a st\u0159\u00edh\u00e1n\u00ed<\/span><\/strong><\/span><\/li>\n<li><span style=\"font-size: 13pt;\"><strong><span style=\"font-family: Courgette; color: #000000;\">\u00faprava kontur<\/span><\/strong><\/span><\/li>\n<li><span style=\"font-size: 13pt;\"><strong><span style=\"font-family: Courgette; color: #000000;\">barven\u00ed vlas\u016f<\/span><\/strong><\/span><\/li>\n<li><span style=\"font-size: 13pt;\"><strong><span style=\"font-family: Courgette; color: #000000;\">mas\u00e1\u017ee hlavy<\/span><\/strong><\/span><\/li>\n<li><span style=\"font-size: 13pt;\"><strong><span style=\"font-family: Courgette; color: #000000;\">vlasov\u00e9 poradenstv\u00ed<\/span><\/strong><\/span><\/li>\n<\/ul>\n<\/div>\n\t\t<\/div><\/div><div id=\"panel-54-1-1-1\" class=\"so-panel widget widget_media_image panel-last-child\" data-index=\"5\" ><img loading=\"lazy\" decoding=\"async\" width=\"150\" height=\"150\" src=\"https:\/\/www.kadernictvi-blondies.cz\/wp-content\/uploads\/2014\/06\/Depositphotos_10837483_original-150x150.jpg\" class=\"image wp-image-2338  attachment-thumbnail size-thumbnail\" alt=\"\" style=\"max-width: 100%; height: auto;\" srcset=\"https:\/\/www.kadernictvi-blondies.cz\/wp-content\/uploads\/2014\/06\/Depositphotos_10837483_original-150x150.jpg 150w, https:\/\/www.kadernictvi-blondies.cz\/wp-content\/uploads\/2014\/06\/Depositphotos_10837483_original-300x300.jpg 300w, https:\/\/www.kadernictvi-blondies.cz\/wp-content\/uploads\/2014\/06\/Depositphotos_10837483_original-1024x1024.jpg 1024w, https:\/\/www.kadernictvi-blondies.cz\/wp-content\/uploads\/2014\/06\/Depositphotos_10837483_original-650x650.jpg 650w\" sizes=\"(max-width: 150px) 100vw, 150px\" \/><\/div><\/div><div id=\"pgc-54-1-2\"  class=\"panel-grid-cell\" ><div id=\"panel-54-1-2-0\" class=\"so-panel widget widget_text panel-first-child\" data-index=\"6\" ><div class=\"panel-widget-style panel-widget-style-for-54-1-2-0\" >\t\t\t<div class=\"textwidget\"><p><span style=\"font-size: 16pt;\"><strong><span style=\"font-family: Courgette; color: #000000;\">pro d\u011bti<\/span><\/strong><\/span><\/p>\n<ul>\n<li><span style=\"font-size: 13pt;\"><strong><span style=\"font-family: Courgette; color: #000000;\">myt\u00ed<\/span><\/strong><\/span><\/li>\n<li><span style=\"font-size: 13pt;\"><strong><span style=\"font-family: Courgette; color: #000000;\">st\u0159\u00edh\u00e1n\u00ed strojkem<\/span><\/strong><\/span><\/li>\n<li><strong>st\u0159\u00edh\u00e1n\u00ed klasick\u00e9<\/strong><\/li>\n<li><span style=\"font-size: 13pt;\"><strong><span style=\"font-family: Courgette; color: #000000;\">slavnostn\u00ed \u00fa\u010desy<\/span><\/strong><\/span><\/li>\n<\/ul>\n<p>&nbsp;<\/p>\n<\/div>\n\t\t<\/div><\/div><div id=\"panel-54-1-2-1\" class=\"so-panel widget widget_media_image panel-last-child\" data-index=\"7\" ><img loading=\"lazy\" decoding=\"async\" width=\"150\" height=\"150\" src=\"https:\/\/www.kadernictvi-blondies.cz\/wp-content\/uploads\/2014\/06\/Depositphotos_84029638_original-150x150.jpg\" class=\"image wp-image-2363  attachment-thumbnail size-thumbnail\" alt=\"\" style=\"max-width: 100%; height: auto;\" srcset=\"https:\/\/www.kadernictvi-blondies.cz\/wp-content\/uploads\/2014\/06\/Depositphotos_84029638_original-150x150.jpg 150w, https:\/\/www.kadernictvi-blondies.cz\/wp-content\/uploads\/2014\/06\/Depositphotos_84029638_original-300x300.jpg 300w, https:\/\/www.kadernictvi-blondies.cz\/wp-content\/uploads\/2014\/06\/Depositphotos_84029638_original-1024x1024.jpg 1024w, https:\/\/www.kadernictvi-blondies.cz\/wp-content\/uploads\/2014\/06\/Depositphotos_84029638_original-650x650.jpg 650w\" sizes=\"(max-width: 150px) 100vw, 150px\" \/><\/div><\/div><\/div><div id=\"pg-54-2\"  class=\"panel-grid panel-no-style\" ><div id=\"pgc-54-2-0\"  class=\"panel-grid-cell panel-grid-cell-empty panel-grid-cell-mobile-last\" ><\/div><div id=\"pgc-54-2-1\"  class=\"panel-grid-cell panel-grid-cell-empty\" ><\/div><\/div><\/div>","protected":false},"excerpt":{"rendered":"<p>R\u00e1dy bychom V\u00e1s p\u0159iv\u00edtaly na str\u00e1nk\u00e1ch na\u0161eho mal\u00e9ho a \u00fatuln\u00e9ho kade\u0159nick\u00e9ho sal\u00f3nu Blondies. V p\u0159\u00edjemn\u00e9m a klidn\u00e9m prost\u0159ed\u00ed V\u00e1m nab\u00edz\u00edme klasick\u00e9 slu\u017eby jako st\u0159\u00edh\u00e1n\u00ed, barven\u00ed, mel\u00edrov\u00e1n\u00ed \u010di foukanou pro kr\u00e1tk\u00e9, polodlouh\u00e9 i dlouh\u00e9 vlasy, mas\u00e1\u017ee hlavy v\u010detn\u011b vlasov\u00e9ho poradenstvi pro d\u00e1my i p\u00e1ny a ost\u0159\u00edh\u00e1me i Va\u0161e d\u00edtka. \u00a0R\u00e1dy V\u00e1m pom\u016f\u017eeme s v\u00fdb\u011brem \u00fa\u010desu na [&hellip;]<\/p>\n","protected":false},"author":1,"featured_media":0,"parent":0,"menu_order":0,"comment_status":"open","ping_status":"open","template":"templates\/template-fullwidth.php","meta":{"footnotes":""},"_links":{"self":[{"href":"https:\/\/www.kadernictvi-blondies.cz\/index.php\/wp-json\/wp\/v2\/pages\/54"}],"collection":[{"href":"https:\/\/www.kadernictvi-blondies.cz\/index.php\/wp-json\/wp\/v2\/pages"}],"about":[{"href":"https:\/\/www.kadernictvi-blondies.cz\/index.php\/wp-json\/wp\/v2\/types\/page"}],"author":[{"embeddable":true,"href":"https:\/\/www.kadernictvi-blondies.cz\/index.php\/wp-json\/wp\/v2\/users\/1"}],"replies":[{"embeddable":true,"href":"https:\/\/www.kadernictvi-blondies.cz\/index.php\/wp-json\/wp\/v2\/comments?post=54"}],"version-history":[{"count":555,"href":"https:\/\/www.kadernictvi-blondies.cz\/index.php\/wp-json\/wp\/v2\/pages\/54\/revisions"}],"predecessor-version":[{"id":1530,"href":"https:\/\/www.kadernictvi-blondies.cz\/index.php\/wp-json\/wp\/v2\/pages\/54\/revisions\/1530"}],"wp:attachment":[{"href":"https:\/\/www.kadernictvi-blondies.cz\/index.php\/wp-json\/wp\/v2\/media?parent=54"}],"curies":[{"name":"wp","href":"https:\/\/api.w.org\/{rel}","templated":true}]}}